{"id":5435,"date":"2024-06-05T11:50:44","date_gmt":"2024-06-05T09:50:44","guid":{"rendered":"https:\/\/villa-bastille.com\/accueil\/"},"modified":"2024-09-04T17:05:46","modified_gmt":"2024-09-04T15:05:46","slug":"accueil","status":"publish","type":"page","link":"https:\/\/villa-bastille.com\/sv\/","title":{"rendered":"V\u00e4lkommen"},"content":{"rendered":"<div class=\"wpb-content-wrapper\"><p>[vc_row css=&#8221;.vc_custom_1718014520856{margin-top: -30px !important;margin-bottom: 32px !important;}&#8221;][vc_column]<div class=\"eltdf-section-title-holder   eltdf-st-decorative-line\" style=\"padding: 0 20px;text-align: center\">\n\t<div class=\"eltdf-st-inner\">\n                    <h2 class=\"eltdf-st-caption\" style=\"font-size: 30px\">\n                <span class=\"eltdf-st-caption-inner\" >M\u00e5larkurser i Paris, Frankrike, eller utomlands<\/span>\n            <\/h2>\n        \t\t\t\t\t<h1 class=\"eltdf-st-title\" style=\"font-size: 35px\">\n    <span class=\"eltdf-st-title-inner\"><span class=\"eltdf-st-side-line-left\" ><\/span>V\u00e4lkommen till ``La Villa Bastille``<span class=\"eltdf-st-side-line-right\" ><\/span><\/span>\n\t\t\t<\/h1>\n\t\t\t\t\t\t\t<\/div>\n<\/div>[\/vc_column][\/vc_row][vc_row row_content_width=&#8221;grid&#8221;][vc_column]\n\t\t\t<!-- START Accueil (SU) REVOLUTION SLIDER 6.7.37 --><p class=\"rs-p-wp-fix\"><\/p>\n\t\t\t<rs-module-wrap id=\"rev_slider_3_1_wrapper\" data-source=\"gallery\" style=\"visibility:hidden;background:transparent;padding:0;margin:0px auto;margin-top:0;margin-bottom:0;\">\n\t\t\t\t<rs-module id=\"rev_slider_3_1\" style=\"\" data-version=\"6.7.37\">\n\t\t\t\t\t<rs-slides style=\"overflow: hidden; position: absolute;\">\n\t\t\t\t\t\t<rs-slide style=\"position: absolute;\" data-key=\"rs-7\" data-title=\"Slide\" data-thumb=\"\/\/villa-bastille.com\/wp-content\/uploads\/2024\/06\/FOUIHOUX-Chevalet-campagne-50x100.jpg\" data-in=\"o:0;\" data-out=\"a:false;\">\n\t\t\t\t\t\t\t<img decoding=\"async\" src=\"\/\/villa-bastille.com\/wp-content\/plugins\/revslider\/sr6\/assets\/assets\/dummy.png\" alt=\"\" title=\"FOUIHOUX-Chevalet-campagne\" width=\"1400\" height=\"1082\" class=\"rev-slidebg tp-rs-img rs-lazyload\" data-lazyload=\"\/\/villa-bastille.com\/wp-content\/uploads\/2024\/06\/FOUIHOUX-Chevalet-campagne.jpg\" data-panzoom=\"d:6000ms;ss:105%;se:105%;os:50px\/50px;\" data-no-retina>\n<!---->\t\t\t\t\t<\/rs-slide>\n\t\t\t\t\t\t<rs-slide style=\"position: absolute;\" data-key=\"rs-8\" data-title=\"Slide\" data-thumb=\"\/\/villa-bastille.com\/wp-content\/uploads\/2020\/03\/5-de-montmartre2.aquarelle-50x100.jpg\" data-in=\"o:0;\" data-out=\"a:false;\">\n\t\t\t\t\t\t\t<img decoding=\"async\" src=\"\/\/villa-bastille.com\/wp-content\/plugins\/revslider\/sr6\/assets\/assets\/dummy.png\" alt=\"\" class=\"rev-slidebg tp-rs-img rs-lazyload\" data-lazyload=\"\/\/villa-bastille.com\/wp-content\/uploads\/2020\/03\/5-de-montmartre2.aquarelle.jpg\" data-panzoom=\"d:6000ms;ss:105%;se:105%;os:0px\/0px;oe:50px\/50px;\" data-no-retina>\n<!---->\t\t\t\t\t<\/rs-slide>\n\t\t\t\t\t\t<rs-slide style=\"position: absolute;\" data-key=\"rs-9\" data-title=\"Slide\" data-thumb=\"\/\/villa-bastille.com\/wp-content\/uploads\/2024\/06\/FOUIHOUX036-nb-50x100.jpg\" data-in=\"o:0;\" data-out=\"a:false;\">\n\t\t\t\t\t\t\t<img decoding=\"async\" src=\"\/\/villa-bastille.com\/wp-content\/plugins\/revslider\/sr6\/assets\/assets\/dummy.png\" alt=\"\" title=\"FOUIHOUX036-nb\" width=\"1400\" height=\"933\" class=\"rev-slidebg tp-rs-img rs-lazyload\" data-lazyload=\"\/\/villa-bastille.com\/wp-content\/uploads\/2024\/06\/FOUIHOUX036-nb.jpg\" data-panzoom=\"d:6000ms;ss:105%;se:105%;os:50px\/50px;\" data-no-retina>\n<!---->\t\t\t\t\t<\/rs-slide>\n\t\t\t\t\t<\/rs-slides>\n\t\t\t\t\t<rs-static-layers><!--\n\t\t\t\t\t--><\/rs-static-layers>\n\t\t\t\t<\/rs-module>\n\t\t\t\t<script>\n\t\t\t\t\tsetREVStartSize({c: 'rev_slider_3_1',rl:[1240,1024,778,480],el:[675,460,670,590],gw:[1300,1100,800,300],gh:[675,460,670,590],type:'standard',justify:'',layout:'fullwidth',mh:\"0\"});if (window.RS_MODULES!==undefined && window.RS_MODULES.modules!==undefined && window.RS_MODULES.modules[\"revslider31\"]!==undefined) {window.RS_MODULES.modules[\"revslider31\"].once = false;window.revapi3 = undefined;if (window.RS_MODULES.checkMinimal!==undefined) window.RS_MODULES.checkMinimal()}\n\t\t\t\t<\/script>\n\t\t\t<\/rs-module-wrap>\n\t\t\t<!-- END REVOLUTION SLIDER -->\n[\/vc_column][\/vc_row][vc_row css=&#8221;.vc_custom_1721911902599{margin-top: 120px !important;}&#8221;][vc_column][vc_column_text css=&#8221;&#8221;]<\/p>\n<p style=\"text-align: center;\">Tecknings-och-m\u00e5larkurser som \u00e4r till f\u00f6r vuxna p\u00e5 alla niv\u00e5er leds av <strong>Patrick Fouilhoux<\/strong>, en fransk konstn\u00e4r som har svenskt p\u00e5br\u00e5, och som pratar flytande svenska.<\/p>\n<p style=\"text-align: center;\">H\u00e4r hittar du grundl\u00e4ggande information p\u00e5 svenska, men f\u00f6r mer detaljer, datum eller priser, se den franska eller engelska sida.<\/p>\n<p>&nbsp;<\/p>\n<p><img decoding=\"async\" class=\"aligncenter wp-image-5070 size-full\" src=\"https:\/\/villa-bastille.com\/wp-content\/uploads\/2023\/06\/photo-stage-Paris.jpg\" alt=\"\" width=\"992\" height=\"744\" srcset=\"https:\/\/villa-bastille.com\/wp-content\/uploads\/2023\/06\/photo-stage-Paris.jpg 992w, https:\/\/villa-bastille.com\/wp-content\/uploads\/2023\/06\/photo-stage-Paris-600x450.jpg 600w, https:\/\/villa-bastille.com\/wp-content\/uploads\/2023\/06\/photo-stage-Paris-300x225.jpg 300w, https:\/\/villa-bastille.com\/wp-content\/uploads\/2023\/06\/photo-stage-Paris-768x576.jpg 768w\" sizes=\"(max-width: 992px) 100vw, 992px\" \/><\/p>\n<p>&nbsp;<\/p>\n<p style=\"text-align: center;\">P\u00e5 hemsidan,\u00a0 hittar du upplysningar om\u00a0:<\/p>\n<p style=\"text-align: center;\"><b>Korta\u00a0<\/b><b>m\u00e5larkurser utomhus, i Paris :<\/b><\/p>\n<p style=\"text-align: center;\">Du kommer att uppt\u00e4cka ett behagligt kvarter i Paris med din skissbok, pennor, akvarellf\u00e4rger eller ditt staffli och dina penslar\u2026<\/p>\n<p style=\"text-align: center;\">Dessa minikurser \u00e4ger rum i grupp utomhus, \u201d en plein air\u201d,\u00a0 under en kort period (heldag eller\u00a0 halvdag).<\/p>\n<p style=\"text-align: center;\">Jag ger f\u00f6rklaringar till hela gruppen, individuell hj\u00e4lp och g\u00f6r en demonstration.<\/p>\n<p>&nbsp;<\/p>\n<p><img decoding=\"async\" class=\"aligncenter wp-image-4596 size-full\" src=\"https:\/\/villa-bastille.com\/wp-content\/uploads\/2019\/05\/P1010024-copie-2.jpg\" alt=\"\" width=\"585\" height=\"699\" srcset=\"https:\/\/villa-bastille.com\/wp-content\/uploads\/2019\/05\/P1010024-copie-2.jpg 585w, https:\/\/villa-bastille.com\/wp-content\/uploads\/2019\/05\/P1010024-copie-2-251x300.jpg 251w\" sizes=\"(max-width: 585px) 100vw, 585px\" \/><\/p>\n<p>&nbsp;<\/p>\n<p style=\"text-align: center;\"><b>M\u00e5larresor i och utanf\u00f6r Frankrike<\/b><\/p>\n<p style=\"text-align: center;\">Du har ocks\u00e5 m\u00f6jlighet att f\u00f6lja med p\u00e5 de \u00e5rliga studieresor som g\u00f6rs. Vanligtvis bruker en utlandsresa g\u00f6ras i maj eller augusti till st\u00e4llen s\u00e5 som Venedig , Sevilla, Grekland\u2026 och en under sommaren till n\u00e5gon by p\u00e5 frankrikes landsbygd. Studieresan som g\u00f6rs under sommaren p\u00e5 landet best\u00e5r av teckning och m\u00e5lning avbildning av natur och landskap p\u00e5 f\u00f6rmiddagen, och p\u00e5 kv\u00e4llen mellan 17.00 och 19.00 h\u00e5lls en krokikurs. Logi ing\u00e5r ibland i priset, och varje elev \u00e4r fri att v\u00e4lja sin egen teknik (kol, akvarell, olja, akryl\u2026)<\/p>\n<p>&nbsp;<\/p>\n<p><img decoding=\"async\" class=\"aligncenter wp-image-5018 size-full\" src=\"https:\/\/villa-bastille.com\/wp-content\/uploads\/2022\/10\/stage-peinture-provence1-2.jpg\" alt=\"\" width=\"440\" height=\"315\" srcset=\"https:\/\/villa-bastille.com\/wp-content\/uploads\/2022\/10\/stage-peinture-provence1-2.jpg 440w, https:\/\/villa-bastille.com\/wp-content\/uploads\/2022\/10\/stage-peinture-provence1-2-300x215.jpg 300w\" sizes=\"(max-width: 440px) 100vw, 440px\" \/>[\/vc_column_text][\/vc_column][\/vc_row]<\/p>\n<\/div>","protected":false},"excerpt":{"rendered":"<p>[vc_row css=&#8221;.vc_custom_1718014520856{margin-top: -30px !important;margin-bottom: 32px !important;}&#8221;][vc_column][\/vc_column][\/vc_row][vc_row row_content_width=&#8221;grid&#8221;][vc_column][\/vc_column][\/vc_row][vc_row css=&#8221;.vc_custom_1721911902599{margin-top: 120px !important;}&#8221;][vc_column][vc_column_text css=&#8221;&#8221;] Tecknings-och-m\u00e5larkurser som \u00e4r till f\u00f6r vuxna p\u00e5 alla niv\u00e5er leds av Patrick Fouilhoux, en fransk konstn\u00e4r som har svenskt p\u00e5br\u00e5, och som pratar flytande svenska. H\u00e4r hittar du grundl\u00e4ggande [&hellip;]<\/p>\n","protected":false},"author":2,"featured_media":0,"parent":0,"menu_order":0,"comment_status":"closed","ping_status":"closed","template":"","meta":{"footnotes":""},"class_list":["post-5435","page","type-page","status-publish","hentry"],"yoast_head":"<!-- This site is optimized with the Yoast SEO plugin v26.2 - https:\/\/yoast.com\/wordpress\/plugins\/seo\/ -->\n<title>V\u00e4lkommen - Villa Bastille | Patrick Fouilhoux<\/title>\n<meta name=\"robots\" content=\"index, follow, max-snippet:-1, max-image-preview:large, max-video-preview:-1\" \/>\n<link rel=\"canonical\" href=\"https:\/\/villa-bastille.com\/sv\/\" \/>\n<meta property=\"og:locale\" content=\"sv_SE\" \/>\n<meta property=\"og:type\" content=\"article\" \/>\n<meta property=\"og:title\" content=\"V\u00e4lkommen - Villa Bastille | Patrick Fouilhoux\" \/>\n<meta property=\"og:description\" content=\"[vc_row css=&#8221;.vc_custom_1718014520856{margin-top: -30px !important;margin-bottom: 32px !important;}&#8221;][vc_column][\/vc_column][\/vc_row][vc_row row_content_width=&#8221;grid&#8221;][vc_column][\/vc_column][\/vc_row][vc_row css=&#8221;.vc_custom_1721911902599{margin-top: 120px !important;}&#8221;][vc_column][vc_column_text css=&#8221;&#8221;] Tecknings-och-m\u00e5larkurser som \u00e4r till f\u00f6r vuxna p\u00e5 alla niv\u00e5er leds av Patrick Fouilhoux, en fransk konstn\u00e4r som har svenskt p\u00e5br\u00e5, och som pratar flytande svenska. H\u00e4r hittar du grundl\u00e4ggande [&hellip;]\" \/>\n<meta property=\"og:url\" content=\"https:\/\/villa-bastille.com\/sv\/\" \/>\n<meta property=\"og:site_name\" content=\"Villa Bastille | Patrick Fouilhoux\" \/>\n<meta property=\"article:modified_time\" content=\"2024-09-04T15:05:46+00:00\" \/>\n<meta property=\"og:image\" content=\"https:\/\/villa-bastille.com\/wp-content\/uploads\/2023\/06\/photo-stage-Paris.jpg\" \/>\n<meta name=\"twitter:card\" content=\"summary_large_image\" \/>\n<meta name=\"twitter:label1\" content=\"Ber\u00e4knad l\u00e4stid\" \/>\n\t<meta name=\"twitter:data1\" content=\"2 minuter\" \/>\n<script type=\"application\/ld+json\" class=\"yoast-schema-graph\">{\"@context\":\"https:\/\/schema.org\",\"@graph\":[{\"@type\":\"WebPage\",\"@id\":\"https:\/\/villa-bastille.com\/sv\/\",\"url\":\"https:\/\/villa-bastille.com\/sv\/\",\"name\":\"V\u00e4lkommen - Villa Bastille | Patrick Fouilhoux\",\"isPartOf\":{\"@id\":\"https:\/\/villa-bastille.com\/sv\/#website\"},\"primaryImageOfPage\":{\"@id\":\"https:\/\/villa-bastille.com\/sv\/#primaryimage\"},\"image\":{\"@id\":\"https:\/\/villa-bastille.com\/sv\/#primaryimage\"},\"thumbnailUrl\":\"https:\/\/villa-bastille.com\/wp-content\/uploads\/2023\/06\/photo-stage-Paris.jpg\",\"datePublished\":\"2024-06-05T09:50:44+00:00\",\"dateModified\":\"2024-09-04T15:05:46+00:00\",\"breadcrumb\":{\"@id\":\"https:\/\/villa-bastille.com\/sv\/#breadcrumb\"},\"inLanguage\":\"sv-SE\",\"potentialAction\":[{\"@type\":\"ReadAction\",\"target\":[\"https:\/\/villa-bastille.com\/sv\/\"]}]},{\"@type\":\"ImageObject\",\"inLanguage\":\"sv-SE\",\"@id\":\"https:\/\/villa-bastille.com\/sv\/#primaryimage\",\"url\":\"https:\/\/villa-bastille.com\/wp-content\/uploads\/2023\/06\/photo-stage-Paris.jpg\",\"contentUrl\":\"https:\/\/villa-bastille.com\/wp-content\/uploads\/2023\/06\/photo-stage-Paris.jpg\"},{\"@type\":\"BreadcrumbList\",\"@id\":\"https:\/\/villa-bastille.com\/sv\/#breadcrumb\",\"itemListElement\":[{\"@type\":\"ListItem\",\"position\":1,\"name\":\"Accueil\",\"item\":\"https:\/\/villa-bastille.com\/sv\/\"},{\"@type\":\"ListItem\",\"position\":2,\"name\":\"V\u00e4lkommen\"}]},{\"@type\":\"WebSite\",\"@id\":\"https:\/\/villa-bastille.com\/sv\/#website\",\"url\":\"https:\/\/villa-bastille.com\/sv\/\",\"name\":\"Villa Bastille | Patrick Fouilhoux\",\"description\":\"Peintures et stages de peinture de Patrick Fouilhoux\",\"potentialAction\":[{\"@type\":\"SearchAction\",\"target\":{\"@type\":\"EntryPoint\",\"urlTemplate\":\"https:\/\/villa-bastille.com\/sv\/?s={search_term_string}\"},\"query-input\":{\"@type\":\"PropertyValueSpecification\",\"valueRequired\":true,\"valueName\":\"search_term_string\"}}],\"inLanguage\":\"sv-SE\"}]}<\/script>\n<!-- \/ Yoast SEO plugin. -->","yoast_head_json":{"title":"V\u00e4lkommen - Villa Bastille | Patrick Fouilhoux","robots":{"index":"index","follow":"follow","max-snippet":"max-snippet:-1","max-image-preview":"max-image-preview:large","max-video-preview":"max-video-preview:-1"},"canonical":"https:\/\/villa-bastille.com\/sv\/","og_locale":"sv_SE","og_type":"article","og_title":"V\u00e4lkommen - Villa Bastille | Patrick Fouilhoux","og_description":"[vc_row css=&#8221;.vc_custom_1718014520856{margin-top: -30px !important;margin-bottom: 32px !important;}&#8221;][vc_column][\/vc_column][\/vc_row][vc_row row_content_width=&#8221;grid&#8221;][vc_column][\/vc_column][\/vc_row][vc_row css=&#8221;.vc_custom_1721911902599{margin-top: 120px !important;}&#8221;][vc_column][vc_column_text css=&#8221;&#8221;] Tecknings-och-m\u00e5larkurser som \u00e4r till f\u00f6r vuxna p\u00e5 alla niv\u00e5er leds av Patrick Fouilhoux, en fransk konstn\u00e4r som har svenskt p\u00e5br\u00e5, och som pratar flytande svenska. H\u00e4r hittar du grundl\u00e4ggande [&hellip;]","og_url":"https:\/\/villa-bastille.com\/sv\/","og_site_name":"Villa Bastille | Patrick Fouilhoux","article_modified_time":"2024-09-04T15:05:46+00:00","og_image":[{"url":"https:\/\/villa-bastille.com\/wp-content\/uploads\/2023\/06\/photo-stage-Paris.jpg","type":"","width":"","height":""}],"twitter_card":"summary_large_image","twitter_misc":{"Ber\u00e4knad l\u00e4stid":"2 minuter"},"schema":{"@context":"https:\/\/schema.org","@graph":[{"@type":"WebPage","@id":"https:\/\/villa-bastille.com\/sv\/","url":"https:\/\/villa-bastille.com\/sv\/","name":"V\u00e4lkommen - Villa Bastille | Patrick Fouilhoux","isPartOf":{"@id":"https:\/\/villa-bastille.com\/sv\/#website"},"primaryImageOfPage":{"@id":"https:\/\/villa-bastille.com\/sv\/#primaryimage"},"image":{"@id":"https:\/\/villa-bastille.com\/sv\/#primaryimage"},"thumbnailUrl":"https:\/\/villa-bastille.com\/wp-content\/uploads\/2023\/06\/photo-stage-Paris.jpg","datePublished":"2024-06-05T09:50:44+00:00","dateModified":"2024-09-04T15:05:46+00:00","breadcrumb":{"@id":"https:\/\/villa-bastille.com\/sv\/#breadcrumb"},"inLanguage":"sv-SE","potentialAction":[{"@type":"ReadAction","target":["https:\/\/villa-bastille.com\/sv\/"]}]},{"@type":"ImageObject","inLanguage":"sv-SE","@id":"https:\/\/villa-bastille.com\/sv\/#primaryimage","url":"https:\/\/villa-bastille.com\/wp-content\/uploads\/2023\/06\/photo-stage-Paris.jpg","contentUrl":"https:\/\/villa-bastille.com\/wp-content\/uploads\/2023\/06\/photo-stage-Paris.jpg"},{"@type":"BreadcrumbList","@id":"https:\/\/villa-bastille.com\/sv\/#breadcrumb","itemListElement":[{"@type":"ListItem","position":1,"name":"Accueil","item":"https:\/\/villa-bastille.com\/sv\/"},{"@type":"ListItem","position":2,"name":"V\u00e4lkommen"}]},{"@type":"WebSite","@id":"https:\/\/villa-bastille.com\/sv\/#website","url":"https:\/\/villa-bastille.com\/sv\/","name":"Villa Bastille | Patrick Fouilhoux","description":"Peintures et stages de peinture de Patrick Fouilhoux","potentialAction":[{"@type":"SearchAction","target":{"@type":"EntryPoint","urlTemplate":"https:\/\/villa-bastille.com\/sv\/?s={search_term_string}"},"query-input":{"@type":"PropertyValueSpecification","valueRequired":true,"valueName":"search_term_string"}}],"inLanguage":"sv-SE"}]}},"_links":{"self":[{"href":"https:\/\/villa-bastille.com\/sv\/wp-json\/wp\/v2\/pages\/5435","targetHints":{"allow":["GET"]}}],"collection":[{"href":"https:\/\/villa-bastille.com\/sv\/wp-json\/wp\/v2\/pages"}],"about":[{"href":"https:\/\/villa-bastille.com\/sv\/wp-json\/wp\/v2\/types\/page"}],"author":[{"embeddable":true,"href":"https:\/\/villa-bastille.com\/sv\/wp-json\/wp\/v2\/users\/2"}],"replies":[{"embeddable":true,"href":"https:\/\/villa-bastille.com\/sv\/wp-json\/wp\/v2\/comments?post=5435"}],"version-history":[{"count":0,"href":"https:\/\/villa-bastille.com\/sv\/wp-json\/wp\/v2\/pages\/5435\/revisions"}],"wp:attachment":[{"href":"https:\/\/villa-bastille.com\/sv\/wp-json\/wp\/v2\/media?parent=5435"}],"curies":[{"name":"wp","href":"https:\/\/api.w.org\/{rel}","templated":true}]}}